{"id":77,"date":"2022-02-18T22:38:18","date_gmt":"2022-02-18T21:38:18","guid":{"rendered":"http:\/\/www.lachapellebaloue.fr\/?page_id=77"},"modified":"2022-12-08T13:44:20","modified_gmt":"2022-12-08T12:44:20","slug":"urbanisme","status":"publish","type":"page","link":"http:\/\/www.lachapellebaloue.fr\/?page_id=77","title":{"rendered":"Urbanisme"},"content":{"rendered":"<h6><strong><span style=\"text-decoration: underline;\">PLU<\/span><\/strong><\/h6>\n<p>Actuellement, notre commune ne dispose pas de Plan Local d&rsquo;Urbanisme (PLU). Par cons\u00e9quent, les constructions sur la commune sont r\u00e9gies par le R\u00e9glement National d&rsquo;Urbanisme (RNU). Les textes officiels peuvent \u00eatre trouv\u00e9s sur la page suivante :<\/p>\n<p><a href=\"https:\/\/www.legifrance.gouv.fr\/codes\/section_lc\/LEGITEXT000006074075\/LEGISCTA000031210167\/\">https:\/\/www.legifrance.gouv.fr\/codes\/section_lc\/LEGITEXT000006074075\/LEGISCTA000031210167\/<\/a><\/p>\n\n\n<p>Toutefois, le Plan Local d&rsquo;Urbanisme Intercommunal est en cours d&rsquo;\u00e9laboration entre les 17 communes du Pays Dunois, et ce jusqu&rsquo;au printemps 2024. Son approbation d\u00e9finitive devrait voir le jour en janvier 2025.<\/p>\n\n\n\n<figure class=\"wp-block-image aligncenter size-full is-resized\"><img loading=\"lazy\" decoding=\"async\" src=\"http:\/\/www.lachapellebaloue.fr\/wp-content\/uploads\/2022\/12\/planning-projet-2022-2025.jpg\" alt=\"\" class=\"wp-image-362\" width=\"667\" height=\"605\" srcset=\"http:\/\/www.lachapellebaloue.fr\/wp-content\/uploads\/2022\/12\/planning-projet-2022-2025.jpg 889w, http:\/\/www.lachapellebaloue.fr\/wp-content\/uploads\/2022\/12\/planning-projet-2022-2025-300x272.jpg 300w, http:\/\/www.lachapellebaloue.fr\/wp-content\/uploads\/2022\/12\/planning-projet-2022-2025-768x696.jpg 768w\" sizes=\"auto, (max-width: 667px) 100vw, 667px\" \/><figcaption>Planning Karth\u00e9o Urbanisme<\/figcaption><\/figure>\n\n\n\n<h6 class=\"has-medium-font-size wp-block-heading\"><span style=\"text-decoration: underline;\"><strong>D\u00e9marches administratives<\/strong><\/span><\/h6>\n\n\n\n<ul class=\"wp-block-list\"><li><a href=\"https:\/\/www.service-public.fr\/particuliers\/vosdroits\/F1633\" target=\"_blank\" rel=\"noreferrer noopener\">Certificat d&rsquo;urbanisme<\/a><\/li><li><a href=\"https:\/\/www.service-public.fr\/particuliers\/vosdroits\/F17578\" target=\"_blank\" rel=\"noreferrer noopener\">D\u00e9claration pr\u00e9alable de travaux<\/a><\/li><li><a href=\"https:\/\/www.service-public.fr\/particuliers\/vosdroits\/F1986\" target=\"_blank\" rel=\"noreferrer noopener\">Permis de construire<\/a><\/li><li><a href=\"https:\/\/www.service-public.fr\/particuliers\/vosdroits\/F17665\" target=\"_blank\" rel=\"noreferrer noopener\">Permis d&rsquo;am\u00e9nager<\/a><\/li><li><a href=\"https:\/\/www.service-public.fr\/particuliers\/vosdroits\/F19450\" target=\"_blank\" rel=\"noreferrer noopener\">Permis modificatif (permis de construire ou d&rsquo;am\u00e9nager)<\/a><\/li><li><a href=\"https:\/\/www.service-public.fr\/particuliers\/vosdroits\/F17669\" target=\"_blank\" rel=\"noreferrer noopener\">Permis de d\u00e9molir<\/a><\/li><li><a href=\"https:\/\/www.service-public.fr\/particuliers\/vosdroits\/F2698\" target=\"_blank\" rel=\"noreferrer noopener\">Transfert d&rsquo;un permis de construire ou d&rsquo;am\u00e9nager<\/a><\/li><li><a href=\"https:\/\/www.service-public.fr\/particuliers\/vosdroits\/F20567\" target=\"_blank\" rel=\"noreferrer noopener\">Contestation d&rsquo;une autorisation d&rsquo;urbanisme<\/a><\/li><li><a href=\"https:\/\/www.service-public.fr\/particuliers\/vosdroits\/F23263\" target=\"_blank\" rel=\"noreferrer noopener\">Taxe d&rsquo;am\u00e9nagement<\/a><\/li><\/ul>\n\n\n\n<p><\/p>\n\n\n\n<h6 class=\"has-medium-font-size wp-block-heading\"><strong><span style=\"text-decoration: underline;\">Plus de renseignements<\/span><\/strong><\/h6>\n\n\n\n<p><a href=\"https:\/\/www.service-public.fr\">https:\/\/www.service-public.fr<\/a><\/p>\n","protected":false},"excerpt":{"rendered":"<p>PLU Actuellement, notre commune ne dispose pas de Plan Local d&rsquo;Urbanisme (PLU). Par cons\u00e9quent, les constructions sur la commune sont<\/p>\n","protected":false},"author":1,"featured_media":0,"parent":0,"menu_order":0,"comment_status":"closed","ping_status":"closed","template":"","meta":{"footnotes":""},"class_list":["post-77","page","type-page","status-publish","hentry"],"_links":{"self":[{"href":"http:\/\/www.lachapellebaloue.fr\/index.php?rest_route=\/wp\/v2\/pages\/77","targetHints":{"allow":["GET"]}}],"collection":[{"href":"http:\/\/www.lachapellebaloue.fr\/index.php?rest_route=\/wp\/v2\/pages"}],"about":[{"href":"http:\/\/www.lachapellebaloue.fr\/index.php?rest_route=\/wp\/v2\/types\/page"}],"author":[{"embeddable":true,"href":"http:\/\/www.lachapellebaloue.fr\/index.php?rest_route=\/wp\/v2\/users\/1"}],"replies":[{"embeddable":true,"href":"http:\/\/www.lachapellebaloue.fr\/index.php?rest_route=%2Fwp%2Fv2%2Fcomments&post=77"}],"version-history":[{"count":0,"href":"http:\/\/www.lachapellebaloue.fr\/index.php?rest_route=\/wp\/v2\/pages\/77\/revisions"}],"wp:attachment":[{"href":"http:\/\/www.lachapellebaloue.fr\/index.php?rest_route=%2Fwp%2Fv2%2Fmedia&parent=77"}],"curies":[{"name":"wp","href":"https:\/\/api.w.org\/{rel}","templated":true}]}}