{"id":79,"date":"2022-02-18T22:39:42","date_gmt":"2022-02-18T21:39:42","guid":{"rendered":"http:\/\/www.lachapellebaloue.fr\/?page_id=79"},"modified":"2025-01-17T14:39:45","modified_gmt":"2025-01-17T13:39:45","slug":"finances-budget","status":"publish","type":"page","link":"http:\/\/www.lachapellebaloue.fr\/?page_id=79","title":{"rendered":"Finances &#038; Budget"},"content":{"rendered":"\n<p>Retrouvez sur cette page les budgets pr\u00e9visionnels et r\u00e9alis\u00e9s de la commune.<\/p>\n\n\n\n<figure class=\"wp-block-image aligncenter size-full is-resized\"><img loading=\"lazy\" decoding=\"async\" width=\"688\" height=\"948\" src=\"http:\/\/www.lachapellebaloue.fr\/wp-content\/uploads\/2025\/01\/budget_2024_01.jpg\" alt=\"Budget 2024\" class=\"wp-image-523\" style=\"width:580px;height:auto\" srcset=\"http:\/\/www.lachapellebaloue.fr\/wp-content\/uploads\/2025\/01\/budget_2024_01.jpg 688w, http:\/\/www.lachapellebaloue.fr\/wp-content\/uploads\/2025\/01\/budget_2024_01-218x300.jpg 218w\" sizes=\"auto, (max-width: 688px) 100vw, 688px\" \/><\/figure>\n\n\n\n<p><strong><span style=\"text-decoration: underline;\">BUDGET 2022<\/span><\/strong> :<\/p>\n\n\n\n<figure class=\"wp-block-image aligncenter size-large is-resized\"><img loading=\"lazy\" decoding=\"async\" width=\"684\" height=\"1024\" src=\"http:\/\/www.lachapellebaloue.fr\/wp-content\/uploads\/2022\/12\/BP-2022-684x1024.jpg\" alt=\"\" class=\"wp-image-355\" style=\"aspect-ratio:0.6683870967741935;width:512px;height:auto\" srcset=\"http:\/\/www.lachapellebaloue.fr\/wp-content\/uploads\/2022\/12\/BP-2022-684x1024.jpg 684w, http:\/\/www.lachapellebaloue.fr\/wp-content\/uploads\/2022\/12\/BP-2022-200x300.jpg 200w, http:\/\/www.lachapellebaloue.fr\/wp-content\/uploads\/2022\/12\/BP-2022.jpg 695w\" sizes=\"auto, (max-width: 684px) 100vw, 684px\" \/><\/figure>\n\n\n\n<figure class=\"wp-block-image aligncenter size-large is-resized\"><img loading=\"lazy\" decoding=\"async\" width=\"679\" height=\"1024\" src=\"http:\/\/www.lachapellebaloue.fr\/wp-content\/uploads\/2022\/12\/BP-2021-679x1024.jpg\" alt=\"\" class=\"wp-image-354\" style=\"width:509px;height:768px\" srcset=\"http:\/\/www.lachapellebaloue.fr\/wp-content\/uploads\/2022\/12\/BP-2021-679x1024.jpg 679w, http:\/\/www.lachapellebaloue.fr\/wp-content\/uploads\/2022\/12\/BP-2021-199x300.jpg 199w, http:\/\/www.lachapellebaloue.fr\/wp-content\/uploads\/2022\/12\/BP-2021.jpg 694w\" sizes=\"auto, (max-width: 679px) 100vw, 679px\" \/><\/figure>\n\n\n\n<hr class=\"wp-block-separator has-alpha-channel-opacity is-style-wide\"\/>\n\n\n\n<p><strong><span style=\"text-decoration: underline;\">BUDGET 2021<\/span><\/strong> :<\/p>\n\n\n\n<figure class=\"wp-block-image alignright is-resized\"><img loading=\"lazy\" decoding=\"async\" width=\"1055\" height=\"1600\" src=\"http:\/\/www.lachapellebaloue.fr\/wp-content\/uploads\/2022\/02\/finance_budget_2020_realise.jpg\" alt=\"Budget 2020 r\u00e9alis\u00e9\" class=\"wp-image-84\" style=\"width:528px;height:800px\" srcset=\"http:\/\/www.lachapellebaloue.fr\/wp-content\/uploads\/2022\/02\/finance_budget_2020_realise.jpg 1055w, http:\/\/www.lachapellebaloue.fr\/wp-content\/uploads\/2022\/02\/finance_budget_2020_realise-198x300.jpg 198w, http:\/\/www.lachapellebaloue.fr\/wp-content\/uploads\/2022\/02\/finance_budget_2020_realise-675x1024.jpg 675w, http:\/\/www.lachapellebaloue.fr\/wp-content\/uploads\/2022\/02\/finance_budget_2020_realise-768x1165.jpg 768w, http:\/\/www.lachapellebaloue.fr\/wp-content\/uploads\/2022\/02\/finance_budget_2020_realise-1013x1536.jpg 1013w\" sizes=\"auto, (max-width: 1055px) 100vw, 1055px\" \/><\/figure>\n\n\n\n<figure class=\"wp-block-image alignright is-resized\"><img loading=\"lazy\" decoding=\"async\" width=\"1088\" height=\"1600\" src=\"http:\/\/www.lachapellebaloue.fr\/wp-content\/uploads\/2022\/02\/finance_budget_2021_previsionnel.jpg\" alt=\"Budget 2021 pr\u00e9visionnel\" class=\"wp-image-85\" style=\"width:544px;height:800px\" srcset=\"http:\/\/www.lachapellebaloue.fr\/wp-content\/uploads\/2022\/02\/finance_budget_2021_previsionnel.jpg 1088w, http:\/\/www.lachapellebaloue.fr\/wp-content\/uploads\/2022\/02\/finance_budget_2021_previsionnel-204x300.jpg 204w, http:\/\/www.lachapellebaloue.fr\/wp-content\/uploads\/2022\/02\/finance_budget_2021_previsionnel-696x1024.jpg 696w, http:\/\/www.lachapellebaloue.fr\/wp-content\/uploads\/2022\/02\/finance_budget_2021_previsionnel-768x1129.jpg 768w, http:\/\/www.lachapellebaloue.fr\/wp-content\/uploads\/2022\/02\/finance_budget_2021_previsionnel-1044x1536.jpg 1044w\" sizes=\"auto, (max-width: 1088px) 100vw, 1088px\" \/><\/figure>\n\n\n\n<p><\/p>\n","protected":false},"excerpt":{"rendered":"<p>Retrouvez sur cette page les budgets pr\u00e9visionnels et r\u00e9alis\u00e9s de la commune. BUDGET 2022 : BUDGET 2021 :<\/p>\n","protected":false},"author":1,"featured_media":0,"parent":0,"menu_order":0,"comment_status":"closed","ping_status":"closed","template":"","meta":{"footnotes":""},"class_list":["post-79","page","type-page","status-publish","hentry"],"_links":{"self":[{"href":"http:\/\/www.lachapellebaloue.fr\/index.php?rest_route=\/wp\/v2\/pages\/79","targetHints":{"allow":["GET"]}}],"collection":[{"href":"http:\/\/www.lachapellebaloue.fr\/index.php?rest_route=\/wp\/v2\/pages"}],"about":[{"href":"http:\/\/www.lachapellebaloue.fr\/index.php?rest_route=\/wp\/v2\/types\/page"}],"author":[{"embeddable":true,"href":"http:\/\/www.lachapellebaloue.fr\/index.php?rest_route=\/wp\/v2\/users\/1"}],"replies":[{"embeddable":true,"href":"http:\/\/www.lachapellebaloue.fr\/index.php?rest_route=%2Fwp%2Fv2%2Fcomments&post=79"}],"version-history":[{"count":1,"href":"http:\/\/www.lachapellebaloue.fr\/index.php?rest_route=\/wp\/v2\/pages\/79\/revisions"}],"predecessor-version":[{"id":526,"href":"http:\/\/www.lachapellebaloue.fr\/index.php?rest_route=\/wp\/v2\/pages\/79\/revisions\/526"}],"wp:attachment":[{"href":"http:\/\/www.lachapellebaloue.fr\/index.php?rest_route=%2Fwp%2Fv2%2Fmedia&parent=79"}],"curies":[{"name":"wp","href":"https:\/\/api.w.org\/{rel}","templated":true}]}}